{"id":16529,"date":"2025-05-13T11:47:19","date_gmt":"2025-05-13T09:47:19","guid":{"rendered":"\/info\/?page_id=16529"},"modified":"2026-03-02T11:21:47","modified_gmt":"2026-03-02T10:21:47","slug":"minijob-website","status":"publish","type":"page","link":"\/info\/karriere\/minijob-website\/","title":{"rendered":"Mitarbeiter*in Content (Minijob auf 600\u20ac-Basis oder Werkstudent:in) (Mensch)"},"content":{"rendered":"[vc_row type=&#8221;full_width_background&#8221; full_screen_row_position=&#8221;middle&#8221; column_margin=&#8221;default&#8221; column_direction=&#8221;default&#8221; column_direction_tablet=&#8221;default&#8221; column_direction_phone=&#8221;default&#8221; scene_position=&#8221;center&#8221; top_padding=&#8221;2%&#8221; bottom_padding=&#8221;0&#8243; text_color=&#8221;dark&#8221; text_align=&#8221;left&#8221; row_border_radius=&#8221;none&#8221; row_border_radius_applies=&#8221;bg&#8221; row_position_desktop=&#8221;default&#8221; row_position_tablet=&#8221;inherit&#8221; row_position_phone=&#8221;inherit&#8221; overflow=&#8221;visible&#8221; advanced_gradient_angle=&#8221;0&#8243; overlay_strength=&#8221;0.3&#8243; gradient_direction=&#8221;left_to_right&#8221; shape_divider_position=&#8221;bottom&#8221; bg_image_animation=&#8221;none&#8221; gradient_type=&#8221;default&#8221; shape_type=&#8221;&#8221;][vc_column column_padding=&#8221;no-extra-padding&#8221; column_padding_tablet=&#8221;inherit&#8221; column_padding_phone=&#8221;inherit&#8221; column_padding_position=&#8221;all&#8221; flex_gap_desktop=&#8221;10px&#8221; column_element_direction_desktop=&#8221;default&#8221; column_element_spacing=&#8221;default&#8221; desktop_text_alignment=&#8221;default&#8221; tablet_text_alignment=&#8221;default&#8221; phone_text_alignment=&#8221;default&#8221; background_color_opacity=&#8221;1&#8243; background_hover_color_opacity=&#8221;1&#8243; column_backdrop_filter=&#8221;none&#8221; column_shadow=&#8221;none&#8221; column_border_radius=&#8221;none&#8221; column_link_target=&#8221;_self&#8221; column_position=&#8221;default&#8221; gradient_direction=&#8221;left_to_right&#8221; overlay_strength=&#8221;0.3&#8243; width=&#8221;1\/1&#8243; tablet_width_inherit=&#8221;default&#8221; animation_type=&#8221;default&#8221; bg_image_animation=&#8221;none&#8221; border_type=&#8221;simple&#8221; column_border_width=&#8221;none&#8221; column_border_style=&#8221;solid&#8221;][vc_column_text]<nav aria-label=\"breadcrumbs\" class=\"rank-math-breadcrumb\"><p><span class=\"last\">Startseite<\/span><\/p><\/nav>[\/vc_column_text][\/vc_column][\/vc_row][vc_row type=&#8221;full_width_background&#8221; full_screen_row_position=&#8221;middle&#8221; column_margin=&#8221;default&#8221; column_direction=&#8221;default&#8221; column_direction_tablet=&#8221;default&#8221; column_direction_phone=&#8221;default&#8221; scene_position=&#8221;center&#8221; top_padding=&#8221;2%&#8221; top_padding_tablet=&#8221;4%&#8221; bottom_padding_phone=&#8221;10%&#8221; text_color=&#8221;dark&#8221; text_align=&#8221;left&#8221; row_border_radius=&#8221;none&#8221; row_border_radius_applies=&#8221;bg&#8221; row_position_desktop=&#8221;default&#8221; row_position_tablet=&#8221;inherit&#8221; row_position_phone=&#8221;inherit&#8221; overflow=&#8221;visible&#8221; overlay_strength=&#8221;0.3&#8243; gradient_direction=&#8221;left_to_right&#8221; shape_divider_position=&#8221;bottom&#8221; bg_image_animation=&#8221;none&#8221; gradient_type=&#8221;default&#8221; shape_type=&#8221;&#8221;][vc_column column_padding=&#8221;no-extra-padding&#8221; column_padding_tablet=&#8221;inherit&#8221; column_padding_phone=&#8221;inherit&#8221; column_padding_position=&#8221;all&#8221; flex_gap_desktop=&#8221;10px&#8221; column_element_direction_desktop=&#8221;default&#8221; column_element_spacing=&#8221;default&#8221; desktop_text_alignment=&#8221;default&#8221; tablet_text_alignment=&#8221;default&#8221; phone_text_alignment=&#8221;default&#8221; background_color_opacity=&#8221;1&#8243; background_hover_color_opacity=&#8221;1&#8243; column_backdrop_filter=&#8221;none&#8221; column_shadow=&#8221;none&#8221; column_border_radius=&#8221;none&#8221; column_link_target=&#8221;_self&#8221; column_position=&#8221;default&#8221; gradient_direction=&#8221;left_to_right&#8221; overlay_strength=&#8221;0.3&#8243; width=&#8221;1\/1&#8243; tablet_width_inherit=&#8221;default&#8221; animation_type=&#8221;default&#8221; bg_image_animation=&#8221;none&#8221; border_type=&#8221;simple&#8221; column_border_width=&#8221;none&#8221; column_border_style=&#8221;solid&#8221;][split_line_heading line_reveal_by_space_text_effect=&#8221;none&#8221; font_style=&#8221;h1&#8243; content_alignment=&#8221;default&#8221; mobile_content_alignment=&#8221;inherit&#8221; animation_type=&#8221;line-reveal-by-space&#8221; link_target=&#8221;_self&#8221; text_content=&#8221;Mitarbeiter*in Content (Minijob auf 600\u20ac-Basis oder Werkstudent:in) (Mensch)&#8221; font_size=&#8221;54px&#8221; font_size_tablet=&#8221;45px&#8221; font_size_phone=&#8221;45px&#8221; font_line_height=&#8221;1.1&#8243; text_direction=&#8221;default&#8221;][\/split_line_heading][\/vc_column][\/vc_row][vc_row type=&#8221;in_container&#8221; full_screen_row_position=&#8221;middle&#8221; column_margin=&#8221;default&#8221; column_direction=&#8221;default&#8221; column_direction_tablet=&#8221;default&#8221; column_direction_phone=&#8221;default&#8221; scene_position=&#8221;center&#8221; top_padding=&#8221;5%&#8221; constrain_group_1=&#8221;yes&#8221; bottom_padding=&#8221;5%&#8221; text_color=&#8221;dark&#8221; text_align=&#8221;left&#8221; row_border_radius=&#8221;none&#8221; row_border_radius_applies=&#8221;bg&#8221; row_position_desktop=&#8221;default&#8221; row_position_tablet=&#8221;inherit&#8221; row_position_phone=&#8221;inherit&#8221; overflow=&#8221;visible&#8221; overlay_strength=&#8221;0.3&#8243; gradient_direction=&#8221;left_to_right&#8221; shape_divider_position=&#8221;bottom&#8221; bg_image_animation=&#8221;none&#8221; gradient_type=&#8221;default&#8221; shape_type=&#8221;&#8221;][vc_column column_padding=&#8221;no-extra-padding&#8221; column_padding_tablet=&#8221;inherit&#8221; column_padding_phone=&#8221;inherit&#8221; column_padding_position=&#8221;all&#8221; flex_gap_desktop=&#8221;10px&#8221; column_element_direction_desktop=&#8221;default&#8221; column_element_spacing=&#8221;default&#8221; desktop_text_alignment=&#8221;default&#8221; tablet_text_alignment=&#8221;default&#8221; phone_text_alignment=&#8221;default&#8221; background_color_opacity=&#8221;1&#8243; background_hover_color_opacity=&#8221;1&#8243; column_backdrop_filter=&#8221;none&#8221; column_shadow=&#8221;none&#8221; column_border_radius=&#8221;none&#8221; column_link_target=&#8221;_self&#8221; column_position=&#8221;default&#8221; gradient_direction=&#8221;left_to_right&#8221; overlay_strength=&#8221;0.3&#8243; width=&#8221;2\/3&#8243; tablet_width_inherit=&#8221;default&#8221; animation_type=&#8221;default&#8221; bg_image_animation=&#8221;none&#8221; border_type=&#8221;simple&#8221; column_border_width=&#8221;none&#8221; column_border_style=&#8221;solid&#8221; column_padding_type=&#8221;default&#8221; gradient_type=&#8221;default&#8221;][vc_column_text css=&#8221;&#8221; text_direction=&#8221;default&#8221;]<span style=\"font-weight: 400;\">Unser Bildungssystem ist praktisch so alt wie die erste Brockhaus Enzyklop\u00e4die &#8211; \u00fcber 200 Jahre. Wir finden, es ist Zeit f\u00fcr Ver\u00e4nderung!<\/span><\/p>\n<p><span style=\"font-weight: 400;\">Als hundertprozentige Tochter des erfolgreichen schwedischen Bildungsanbieters \u201cNE\u201d, stellen wir uns der spannenden Aufgabe, die besten digitalen Unterrichtsmaterialien und Wissensdienste f\u00fcr den deutschsprachigen Raum zu entwickeln. Dabei profitieren wir von den Erfahrungen im schwedischen Bildungsmarkt, vor allem aber davon, dass wir gut zuh\u00f6ren und flexibel auf Ver\u00e4nderungen reagieren und nicht zuletzt mit ganz viel Engagement und Herzblut dabei sind.\u00a0<\/span><\/p>\n<p><span style=\"font-weight: 400;\">Wenn Du Teil unseres Teams werden willst und uns dabei unterst\u00fctzen m\u00f6chtest, Digitalisierung als Chance f\u00fcr Bildungsgerechtigkeit, Individualisierung und Ver\u00e4nderung von Lernkulturen zu verstehen, dann bist Du herzlich willkommen als<\/span>[\/vc_column_text][split_line_heading line_reveal_by_space_text_effect=&#8221;default&#8221; font_style=&#8221;h2&#8243; content_alignment=&#8221;default&#8221; mobile_content_alignment=&#8221;inherit&#8221; animation_type=&#8221;line-reveal-by-space&#8221; link_target=&#8221;_self&#8221; text_content=&#8221;Mitarbeiter*in im Content-Team (Minijob oder Werkstudent:in)&#8221; font_size=&#8221;36px&#8221; font_size_tablet=&#8221;36px&#8221; font_size_phone=&#8221;36px&#8221; text_direction=&#8221;default&#8221;][\/split_line_heading][vc_column_text css=&#8221;&#8221; text_direction=&#8221;default&#8221;]<span style=\"font-weight: 400;\">Bei uns im Content-Team arbeitest Du mit erfahrenen Kolleg*innen zusammen und unterst\u00fctzt sie\u00a0 bei der Entwicklung und Erstellung digitaler Lehrmaterialien. Dazu geh\u00f6ren Aufgaben wie das Redigieren von Texten, die Bearbeitung von Grafiken, das Einpflegen der Inhalte in unsere technischen Systeme und die Unterst\u00fctzung bei der Konzeption und Erstellung neuer Produkte.<\/span><\/p>\n<p><b>Was kann ich von Brockhaus | NE als Arbeitgeber erwarten?<\/b><\/p>\n<p><span style=\"font-weight: 400;\">Was uns antreibt, ist das Ziel, dass unsere Produkte in der Schule mit Spa\u00df, Freude und erfolgreich eingesetzt werden und alle Schulbeteiligten gerne mit uns zusammenarbeiten.<\/span><\/p>\n<p><span style=\"font-weight: 400;\">Das Gleiche gilt auch f\u00fcr uns als Team. Wir arbeiten selbst\u00e4ndig, eigenverantwortlich und aktiv an der Entwicklung unseres Unternehmens mit &#8211; ohne Mikromanagement oder t\u00e4gliches Controlling. Unser wundersch\u00f6nes B\u00fcro liegt mitten im Herzen M\u00fcnchens am Viktualienmarkt und ist mit \u00f6ffentlichen Verkehrsmitteln ideal zu erreichen. Egal ob du zu Hause oder im B\u00fcro arbeiten m\u00f6chtest \u2013 wir unterst\u00fctzen dich bei deiner perfekten Work-Life-Balance. Wir geben Dir Freiraum zur Weiterentwicklung, selbst\u00e4ndiges Arbeiten und M\u00f6glichkeiten, eigene Ideen umzusetzen.<\/span><\/p>\n<p><b>Was genau soll ich mitbringen?<\/b><\/p>\n<p><span style=\"font-weight: 400;\">In erster Linie die gleiche Begeisterung wie wir, das deutsche Bildungssystem nachhaltig zu ver\u00e4ndern. Idealerweise hast du ein abgeschlossenes Lehramtsstudium und schon etwas Erfahrung im Lehrberuf gesammelt.<\/span><\/p>\n<p><span style=\"font-weight: 400;\">Was Du f\u00fcr eine T\u00e4tigkeit bei Brockhaus\u00a0 sicher auch brauchst, ist Spa\u00df im Umgang mit Menschen. Damit wir nicht auf der Stelle treten, sind Zuh\u00f6rer-Qualit\u00e4ten, Kreativit\u00e4t und Engagement ein Muss und damit es nicht chaotisch wird, sollte in deinem Gep\u00e4ck nicht der Sinn f\u00fcr Struktur und Kommunikation fehlen.<\/span><\/p>\n<p><span style=\"font-weight: 400;\">Klingt nach Dir? Dann sende uns Deine Bewerbungsunterlagen (Motivationsschreiben und Lebenslauf) unter Angabe des m\u00f6glichen Startdatums per Mail an:<\/span><\/p>\n<p><span style=\"font-weight: 400;\">Uta Lux (Head of Content)<\/span><\/p>\n<p><a href=\"mailto:uta.lux@brockhaus.de\"><span style=\"font-weight: 400;\">uta.lux@brockhaus.de<\/span><\/a>[\/vc_column_text][\/vc_column][vc_column column_padding=&#8221;no-extra-padding&#8221; column_padding_tablet=&#8221;inherit&#8221; column_padding_phone=&#8221;inherit&#8221; column_padding_position=&#8221;all&#8221; flex_gap_desktop=&#8221;10px&#8221; column_element_direction_desktop=&#8221;default&#8221; column_element_spacing=&#8221;default&#8221; desktop_text_alignment=&#8221;default&#8221; tablet_text_alignment=&#8221;default&#8221; phone_text_alignment=&#8221;default&#8221; background_color_opacity=&#8221;1&#8243; background_hover_color_opacity=&#8221;1&#8243; column_backdrop_filter=&#8221;none&#8221; column_shadow=&#8221;none&#8221; column_border_radius=&#8221;none&#8221; column_link_target=&#8221;_self&#8221; column_position=&#8221;default&#8221; gradient_direction=&#8221;left_to_right&#8221; overlay_strength=&#8221;0.3&#8243; width=&#8221;1\/12&#8243; tablet_width_inherit=&#8221;default&#8221; animation_type=&#8221;default&#8221; bg_image_animation=&#8221;none&#8221; border_type=&#8221;simple&#8221; column_border_width=&#8221;none&#8221; column_border_style=&#8221;solid&#8221; column_padding_type=&#8221;default&#8221; gradient_type=&#8221;default&#8221;][\/vc_column][vc_column column_padding=&#8221;no-extra-padding&#8221; column_padding_tablet=&#8221;inherit&#8221; column_padding_phone=&#8221;inherit&#8221; column_padding_position=&#8221;all&#8221; flex_gap_desktop=&#8221;10px&#8221; column_element_direction_desktop=&#8221;default&#8221; column_element_spacing=&#8221;default&#8221; desktop_text_alignment=&#8221;default&#8221; tablet_text_alignment=&#8221;default&#8221; phone_text_alignment=&#8221;default&#8221; sticky_content=&#8221;true&#8221; sticky_content_functionality=&#8221;js&#8221; background_color_opacity=&#8221;1&#8243; background_hover_color_opacity=&#8221;1&#8243; column_backdrop_filter=&#8221;none&#8221; column_shadow=&#8221;none&#8221; column_border_radius=&#8221;none&#8221; column_link_target=&#8221;_self&#8221; column_position=&#8221;default&#8221; gradient_direction=&#8221;left_to_right&#8221; overlay_strength=&#8221;0.3&#8243; width=&#8221;1\/4&#8243; tablet_width_inherit=&#8221;default&#8221; animation_type=&#8221;default&#8221; bg_image_animation=&#8221;none&#8221; border_type=&#8221;simple&#8221; column_border_width=&#8221;none&#8221; column_border_style=&#8221;solid&#8221; column_padding_type=&#8221;default&#8221; gradient_type=&#8221;default&#8221;][split_line_heading line_reveal_by_space_text_effect=&#8221;default&#8221; font_style=&#8221;h2&#8243; content_alignment=&#8221;default&#8221; mobile_content_alignment=&#8221;inherit&#8221; animation_type=&#8221;line-reveal-by-space&#8221; link_target=&#8221;_self&#8221; text_content=&#8221;Klingt nach dir?&#8221; font_size=&#8221;36px&#8221; font_size_tablet=&#8221;36px&#8221; font_size_phone=&#8221;36px&#8221; font_line_height=&#8221;1.1&#8243;][\/split_line_heading][vc_column_text css=&#8221;&#8221; text_direction=&#8221;default&#8221;]Dann sende uns deine Bewerbungsunterlagen (Anschreiben und Lebenslauf) unter Angabe des m\u00f6glichen Startdatums und Deiner Gehaltsvorstellungen per Mail an:<\/p>\n<p><strong>Brockhaus | NE GMBH<\/strong><br \/>\nUta Lux<br \/>\nHead of Content<br \/>\n<a href=\"mailto:uta.lux@brockhaus.de\"><span style=\"font-weight: 400;\">uta.lux@brockhaus.de<\/span><\/a>[\/vc_column_text][\/vc_column][\/vc_row]\n","protected":false},"excerpt":{"rendered":"<p>[vc_row type=&#8221;full_width_background&#8221; full_screen_row_position=&#8221;middle&#8221; column_margin=&#8221;default&#8221; column_direction=&#8221;default&#8221; column_direction_tablet=&#8221;default&#8221; column_direction_phone=&#8221;default&#8221; scene_position=&#8221;center&#8221; top_padding=&#8221;2%&#8221; bottom_padding=&#8221;0&#8243; text_color=&#8221;dark&#8221; text_align=&#8221;left&#8221; row_border_radius=&#8221;none&#8221; row_border_radius_applies=&#8221;bg&#8221; row_position_desktop=&#8221;default&#8221; row_position_tablet=&#8221;inherit&#8221; row_position_phone=&#8221;inherit&#8221; overflow=&#8221;visible&#8221; advanced_gradient_angle=&#8221;0&#8243; overlay_strength=&#8221;0.3&#8243; gradient_direction=&#8221;left_to_right&#8221; shape_divider_position=&#8221;bottom&#8221; bg_image_animation=&#8221;none&#8221; gradient_type=&#8221;default&#8221; shape_type=&#8221;&#8221;][vc_column column_padding=&#8221;no-extra-padding&#8221; column_padding_tablet=&#8221;inherit&#8221; column_padding_phone=&#8221;inherit&#8221; column_padding_position=&#8221;all&#8221; flex_gap_desktop=&#8221;10px&#8221;&#8230;<\/p>\n","protected":false},"author":11,"featured_media":0,"parent":17,"menu_order":0,"comment_status":"closed","ping_status":"closed","template":"","meta":{"_cloudinary_featured_overwrite":false,"footnotes":""},"class_list":["post-16529","page","type-page","status-publish"],"_links":{"self":[{"href":"https:\/\/start.brockhaus.de\/info\/wp-json\/wp\/v2\/pages\/16529","targetHints":{"allow":["GET"]}}],"collection":[{"href":"https:\/\/start.brockhaus.de\/info\/wp-json\/wp\/v2\/pages"}],"about":[{"href":"https:\/\/start.brockhaus.de\/info\/wp-json\/wp\/v2\/types\/page"}],"author":[{"embeddable":true,"href":"https:\/\/start.brockhaus.de\/info\/wp-json\/wp\/v2\/users\/11"}],"replies":[{"embeddable":true,"href":"https:\/\/start.brockhaus.de\/info\/wp-json\/wp\/v2\/comments?post=16529"}],"version-history":[{"count":5,"href":"https:\/\/start.brockhaus.de\/info\/wp-json\/wp\/v2\/pages\/16529\/revisions"}],"predecessor-version":[{"id":19193,"href":"https:\/\/start.brockhaus.de\/info\/wp-json\/wp\/v2\/pages\/16529\/revisions\/19193"}],"up":[{"embeddable":true,"href":"https:\/\/start.brockhaus.de\/info\/wp-json\/wp\/v2\/pages\/17"}],"wp:attachment":[{"href":"https:\/\/start.brockhaus.de\/info\/wp-json\/wp\/v2\/media?parent=16529"}],"curies":[{"name":"wp","href":"https:\/\/api.w.org\/{rel}","templated":true}]}}