{"id":11079,"date":"2023-10-16T16:51:13","date_gmt":"2023-10-16T14:51:13","guid":{"rendered":"\/info\/?page_id=11079"},"modified":"2024-02-21T16:54:20","modified_gmt":"2024-02-21T15:54:20","slug":"faq-ta","status":"publish","type":"page","link":"\/info\/faq-ta\/","title":{"rendered":"FAQ EdSnacks"},"content":{"rendered":"[vc_row type=&#8221;full_width_background&#8221; full_screen_row_position=&#8221;middle&#8221; column_margin=&#8221;default&#8221; column_direction=&#8221;default&#8221; column_direction_tablet=&#8221;default&#8221; column_direction_phone=&#8221;default&#8221; scene_position=&#8221;center&#8221; top_padding=&#8221;3%&#8221; constrain_group_1=&#8221;yes&#8221; bottom_padding=&#8221;3%&#8221; text_color=&#8221;dark&#8221; text_align=&#8221;left&#8221; row_border_radius=&#8221;none&#8221; row_border_radius_applies=&#8221;bg&#8221; overflow=&#8221;visible&#8221; overlay_strength=&#8221;0.3&#8243; gradient_direction=&#8221;left_to_right&#8221; shape_divider_position=&#8221;top&#8221; shape_divider_height=&#8221;50%&#8221; bg_image_animation=&#8221;none&#8221; gradient_type=&#8221;default&#8221; shape_type=&#8221;straight_section&#8221;][vc_column column_padding=&#8221;padding-4-percent&#8221; column_padding_tablet=&#8221;inherit&#8221; column_padding_phone=&#8221;inherit&#8221; column_padding_position=&#8221;all&#8221; column_element_direction_desktop=&#8221;default&#8221; column_element_spacing=&#8221;default&#8221; desktop_text_alignment=&#8221;default&#8221; tablet_text_alignment=&#8221;default&#8221; phone_text_alignment=&#8221;default&#8221; background_color=&#8221;#f2f5f8&#8243; background_color_opacity=&#8221;1&#8243; background_hover_color_opacity=&#8221;1&#8243; column_backdrop_filter=&#8221;none&#8221; column_shadow=&#8221;none&#8221; column_border_radius=&#8221;none&#8221; column_link_target=&#8221;_self&#8221; column_position=&#8221;default&#8221; gradient_direction=&#8221;left_to_right&#8221; overlay_strength=&#8221;0.3&#8243; width=&#8221;1\/1&#8243; tablet_width_inherit=&#8221;default&#8221; animation_type=&#8221;default&#8221; bg_image_animation=&#8221;none&#8221; border_type=&#8221;simple&#8221; column_border_width=&#8221;none&#8221; column_border_style=&#8221;solid&#8221; column_padding_type=&#8221;default&#8221; gradient_type=&#8221;default&#8221;][split_line_heading animation_type=&#8221;line-reveal-by-space&#8221; font_style=&#8221;h2&#8243; line_reveal_by_space_text_effect=&#8221;default&#8221; content_alignment=&#8221;default&#8221; mobile_content_alignment=&#8221;inherit&#8221; link_target=&#8221;_self&#8221; text_content=&#8221;H\u00e4ufig gestellte Fragen&#8221; font_size=&#8221;54px&#8221; font_size_tablet=&#8221;36px&#8221; font_size_phone=&#8221;36px&#8221;][\/split_line_heading][toggles style=&#8221;minimal&#8221; accordion=&#8221;true&#8221; accordion_starting_functionality=&#8221;default&#8221;][toggle color=&#8221;Accent-Color&#8221; heading_tag=&#8221;h3&#8243; heading_tag_functionality=&#8221;default&#8221; title=&#8221;Was ist ein Lernpfad?&#8221;][vc_column_text]Ein Lernpfad ist ein strukturierter Weg, der Sch\u00fcler:innen unterst\u00fctzt, unterschiedliche Themengebiete Schritt f\u00fcr Schritt in ihrem eigenen Tempo zu erkunden. Sch\u00fcler:innen arbeiten eigenst\u00e4ndig und eigenverantwortlich an aufeinander abgestimmte Aufgaben.[\/vc_column_text][\/toggle][toggle color=&#8221;Accent-Color&#8221; heading_tag=&#8221;h3&#8243; heading_tag_functionality=&#8221;default&#8221; title=&#8221;Wie erstelle ich einen Lernpfad?&#8221;][vc_column_text]Klicke unter Lernpfad rechts oben auf <img loading=\"lazy\" decoding=\"async\" class=\"alignnone\" style=\"display: inline-block; margin-bottom: 0;\" src=\"https:\/\/start.brockhaus.de\/info\/wp-content\/uploads\/Wie-erstelle-ich-einen-Lernpfad.png\" alt=\"Neuen Lernpfad erstellen\" width=\"261\" height=\"54\" title=\"\">, um verschiedene Lerneinheiten zu einem Lernpfad hinzuzuf\u00fcgen. Jeden Lernpfad kannst du mit allen oder einzelnen Sch\u00fcler:innen teilen. Du kannst auch einfach ein ganzes Thema zu einem Lernpfad hinzuf\u00fcgen, ohne dass du etwas anpassen musst.[\/vc_column_text][\/toggle][toggle color=&#8221;Accent-Color&#8221; heading_tag=&#8221;h3&#8243; heading_tag_functionality=&#8221;default&#8221; title=&#8221;Muss ich einen Lernpfad erstellen?&#8221;][vc_column_text]Ja, damit deine Sch\u00fcler:innen auf die Lerninhalte zugreifen k\u00f6nnen, musst du einen Lernpfad erstellen. Das hei\u00dft aber nicht, dass du sofort alles ver\u00e4ndern oder individualisieren musst. Du kannst auch einfach eine fertige Lerneinheit zu einem Lernpfad hinzuf\u00fcgen, ohne etwas anzupassen und deine Sch\u00fcler:innen k\u00f6nnen sofort loslegen.[\/vc_column_text][\/toggle][toggle color=&#8221;Accent-Color&#8221; heading_tag=&#8221;h3&#8243; heading_tag_functionality=&#8221;default&#8221; title=&#8221;Welchen Vorteil hat der Lernpfad f\u00fcr dich als Lehrkraft?&#8221;][vc_column_text]Der Lernpfad erm\u00f6glicht dir, die Reihenfolge von Lerneinheiten frei zu ver\u00e4ndern und neu festzulegen, passend zu den Bed\u00fcrfnissen und Voraussetzungen deiner Sch\u00fcler:innen. Damit bietet er zahlreiche Differenzierungsm\u00f6glichkeiten. Deine Sch\u00fcler:innen k\u00f6nnen an deinen erstellten Lernpfaden einfach arbeiten und so eigenverantwortlich und strukturiert lernen. Dies f\u00f6rdert ihre Selbstst\u00e4ndigkeit und individuelles, forschendes Lernen.[\/vc_column_text][\/toggle][toggle color=&#8221;Accent-Color&#8221; heading_tag=&#8221;h3&#8243; heading_tag_functionality=&#8221;default&#8221; title=&#8221;Kann ich einen Lernpfad zur Unterrichtsvorbereitung nutzen?&#8221;][vc_column_text]Ja, du kannst deinen Unterricht vorbereiten, indem du vorab Lernpfade erstellst und zum Beispiel in einer Vertretungsstunde einsetzt. Erstelle einfach einen Vertretungsstunden-Lernpfad mit Lerneinheiten aus unterschiedlichen Fachbereichen oder Themengebieten. Deine Sch\u00fcler:innen sehen diesen Lernpfad erst, wenn du sie hinzugef\u00fcgt hast.<\/p>\n<p><img decoding=\"async\" class=\"\" src=\"https:\/\/start.brockhaus.de\/info\/wp-content\/uploads\/Kann-ich-einen-Lernpfad-zur-Unterrichtsvorbereitung-nutzen-a.png\" alt=\"\" title=\"\">[\/vc_column_text][\/toggle][toggle color=&#8221;Accent-Color&#8221; heading_tag=&#8221;h3&#8243; heading_tag_functionality=&#8221;default&#8221; title=&#8221;Wie soll ich meinen Lernpfad nennen?&#8221;][vc_column_text]Hier gibt es verschiedene M\u00f6glichkeiten, wie z.B.: nach<\/p>\n<ul>\n<li>Zeitraum: 1. Semester \/ Oktober \/ Deutsch: M\u00e4rz<\/li>\n<li>Schulstufe(n): 7. Klassen \/ Unterstufe \/ 7a<\/li>\n<li>Fach- \/ F\u00e4chergruppe: Deutsch \/ MINT \/ Physik<\/li>\n<li>Projektwochen: Einf\u00fchrungsphase \/ Schulstart \/ Gesunde Schule<\/li>\n<li>Themenbereiche: Nachhaltigkeit \/ Klimawandel \/ KI \/ Medienkompetenz \/ Digitale Grundbildung<\/li>\n<li>Unterrichtsform: Vertretungsstunde \/ Supplierstunde \/ Freiarbeit \/ Nachmittagsbetreuung \/ Einstieg \/ Vertiefung \/ Gruppenarbeit<\/li>\n<\/ul>\n<p>Achte darauf, eine Bezeichnung zu w\u00e4hlen, die deine Sch\u00fcler:innen verstehen, besonders wenn du ihnen mehrere Lernpfade zuweist.<br \/>\n<strong style=\"text-decoration: underline;\">Denk daran:<\/strong> Du entscheidest, welchen Lernpfad die Sch\u00fcler:innen sehen, da du hier einzelne Sch\u00fcler:innen hinzuf\u00fcgen und entfernen kannst.<\/p>\n<p><img decoding=\"async\" src=\"https:\/\/start.brockhaus.de\/info\/wp-content\/uploads\/Wie-soll-ich-meinen-Lernpfad-nennen.png\" alt=\"\" title=\"\">[\/vc_column_text][\/toggle][toggle color=&#8221;Accent-Color&#8221; heading_tag=&#8221;h3&#8243; heading_tag_functionality=&#8221;default&#8221; title=&#8221;Wozu dienen die Themen innerhalb der Lernpfade?&#8221;][vc_column_text]Du kannst jeden Lernpfad auch in unterschiedliche Kategorien einteilen, d.h. einzelne Themen erstellen und die Lerneinheiten zum Beispiel nach F\u00e4chern oder Themenbereichen einordnen\/gruppieren.<\/p>\n<p><img decoding=\"async\" class=\"\" src=\"https:\/\/start.brockhaus.de\/info\/wp-content\/uploads\/Wozu-dienen-die-Themen-innerhalb-der-Lernpfade.png\" alt=\"\" title=\"\">[\/vc_column_text][\/toggle][\/toggles][\/vc_column][\/vc_row]\n","protected":false},"excerpt":{"rendered":"<p>[vc_row type=&#8221;full_width_background&#8221; full_screen_row_position=&#8221;middle&#8221; column_margin=&#8221;default&#8221; column_direction=&#8221;default&#8221; column_direction_tablet=&#8221;default&#8221; column_direction_phone=&#8221;default&#8221; scene_position=&#8221;center&#8221; top_padding=&#8221;3%&#8221; constrain_group_1=&#8221;yes&#8221; bottom_padding=&#8221;3%&#8221; text_color=&#8221;dark&#8221; text_align=&#8221;left&#8221; row_border_radius=&#8221;none&#8221; row_border_radius_applies=&#8221;bg&#8221; overflow=&#8221;visible&#8221; overlay_strength=&#8221;0.3&#8243; gradient_direction=&#8221;left_to_right&#8221; shape_divider_position=&#8221;top&#8221; shape_divider_height=&#8221;50%&#8221; bg_image_animation=&#8221;none&#8221; gradient_type=&#8221;default&#8221; shape_type=&#8221;straight_section&#8221;][vc_column column_padding=&#8221;padding-4-percent&#8221; column_padding_tablet=&#8221;inherit&#8221; column_padding_phone=&#8221;inherit&#8221; column_padding_position=&#8221;all&#8221; column_element_direction_desktop=&#8221;default&#8221; column_element_spacing=&#8221;default&#8221; desktop_text_alignment=&#8221;default&#8221;&#8230;<\/p>\n","protected":false},"author":1,"featured_media":0,"parent":0,"menu_order":0,"comment_status":"closed","ping_status":"closed","template":"","meta":{"_cloudinary_featured_overwrite":false,"footnotes":""},"class_list":["post-11079","page","type-page","status-publish"],"_links":{"self":[{"href":"https:\/\/start.brockhaus.de\/info\/wp-json\/wp\/v2\/pages\/11079","targetHints":{"allow":["GET"]}}],"collection":[{"href":"https:\/\/start.brockhaus.de\/info\/wp-json\/wp\/v2\/pages"}],"about":[{"href":"https:\/\/start.brockhaus.de\/info\/wp-json\/wp\/v2\/types\/page"}],"author":[{"embeddable":true,"href":"https:\/\/start.brockhaus.de\/info\/wp-json\/wp\/v2\/users\/1"}],"replies":[{"embeddable":true,"href":"https:\/\/start.brockhaus.de\/info\/wp-json\/wp\/v2\/comments?post=11079"}],"version-history":[{"count":5,"href":"https:\/\/start.brockhaus.de\/info\/wp-json\/wp\/v2\/pages\/11079\/revisions"}],"predecessor-version":[{"id":12630,"href":"https:\/\/start.brockhaus.de\/info\/wp-json\/wp\/v2\/pages\/11079\/revisions\/12630"}],"wp:attachment":[{"href":"https:\/\/start.brockhaus.de\/info\/wp-json\/wp\/v2\/media?parent=11079"}],"curies":[{"name":"wp","href":"https:\/\/api.w.org\/{rel}","templated":true}]}}